{"id":29874,"date":"2024-05-05T08:22:09","date_gmt":"2024-05-05T06:22:09","guid":{"rendered":"https:\/\/soinsante.ch\/?page_id=29874"},"modified":"2025-05-07T11:55:24","modified_gmt":"2025-05-07T09:55:24","slug":"more-information","status":"publish","type":"page","link":"https:\/\/soinsante.ch\/en\/more-information\/","title":{"rendered":"More information"},"content":{"rendered":"<a id=\"link-1210-29261\" class=\"ct-link oxel_back_to_top_container\" href=\"#top\" target=\"_self\"  ><div id=\"code_block-1211-29261\" class=\"ct-code-block\" ><!-- --><\/div><div id=\"fancy_icon-1212-29261\" class=\"ct-fancy-icon oxel_back_to_top_icon\" ><svg id=\"svg-fancy_icon-1212-29261\"><use xlink:href=\"#FontAwesomeicon-angle-double-up\"><\/use><\/svg><\/div><\/a><section id=\"section-847-28986\" class=\" ct-section\" ><div class=\"ct-section-inner-wrap\"><h1 id=\"headline-848-28986\" class=\"ct-headline atomic-secondary-heading\">The regeneration experience,<br>a health cure<br><\/h1><div id=\"new_columns-849-28986\" class=\"ct-new-columns\" ><div id=\"div_block-850-28986\" class=\"ct-div-block\" ><div id=\"div_block-880-28986\" class=\"ct-div-block\" ><div id=\"fancy_icon-851-28986\" class=\"ct-fancy-icon atomic-iconblock-17-icon\" ><svg id=\"svg-fancy_icon-851-28986\"><use xlink:href=\"#Lineariconsicon-question-circle\"><\/use><\/svg><\/div><h4 id=\"headline-852-28986\" class=\"ct-headline atomic-iconblock-17-title\">General information<br><\/h4><\/div><div id=\"text_block-853-28986\" class=\"ct-text-block atomic-iconblock-17-text\" >The heart of the health cure takes place over 6 days, in a residential setting, with the central objective of bringing you an exclusive experience to take care of your well-being and enable a real transformation at the deepest level of yourself, both somatically, psychically, and energetically.<br><br><b>\u2794 The Privilege<\/b> stay is our flagship program. It includes a personalized program of 2-3 treatments a day, group activities as well as individualized support throughout the entire process. This week allows you to release the imprints of the past, regenerate body and mind and leave with tools to move forward and develop your full potential.<br><br><b>\u2794 The Relaunch<\/b> stay is designed for people who have already participated in the Privilege stay and wish to support and boost their transformation process. Less intensive than the Privil\u00e8ge stay, it offers more moments of relaxation and return to calm.<br><br><b>\u2794 The Discovery<\/b> stay is designed as a time for oneself, accompanied by a dietary program, daily Qi Gong and didactic workshops, as well as 6 individual treatments supporting a return to self and balance.<br><\/div><style>\/* FLEX GALLERY *\/\n\n.oxy-gallery.oxy-gallery-flex {\n\tdisplay: flex;\n\tflex-direction: row;\n\tflex-wrap: wrap;\n\tjustify-content: center;\n}\n\n.oxy-gallery-flex .oxy-gallery-item {\n\toverflow: hidden;\n\tflex: auto;\n\n}\n\n.oxy-gallery-flex .oxy-gallery-item-sizer {\n\tposition: relative;\n}\n\n.oxy-gallery-flex .oxy-gallery-item-contents {\n\tposition: absolute;\n\ttop: 0; bottom: 0; left: 0; right: 0;\n\tbackground-size: cover;\n\tmargin: 0;\n}\n\n.oxy-gallery-flex .oxy-gallery-item-contents img {\n\twidth: 100%;\n\theight: 100%;\n\topacity: 0;\n}\n\n\n\n\/* MASONRY GALLERY *\/\n\n.oxy-gallery.oxy-gallery-masonry {\n\tdisplay: block;\n\toverflow: auto;\n}\n\n.oxy-gallery-masonry .oxy-gallery-item {\n\tbreak-inside: avoid;\n\tdisplay: block;\n\tline-height: 0;\n\tposition: relative;\n}\n\n.oxy-gallery-masonry figure.oxy-gallery-item-contents {\n\tmargin: 0;\n}\n\n.oxy-gallery-masonry .oxy-gallery-item .oxy-gallery-item-contents img {\n\tmax-width: 100%;\n}\n\n.oxy-gallery-masonry .oxy-gallery-item .oxy-gallery-item-contents figcaption {\n\tdisplay: none;\n}\n\n\/* GRID GALLERY *\/\n.oxy-gallery-grid .oxy-gallery-item {\n\toverflow: hidden;\n\tflex: auto;\n\tposition: relative;\n}\n\n.oxy-gallery-grid .oxy-gallery-item-contents {\n\tmargin: 0;\n}\n\n.oxy-gallery-grid .oxy-gallery-item-contents img {\n\twidth: 100%;\n\theight: auto;\n}\n\n.oxy-gallery-grid .oxy-gallery-item .oxy-gallery-item-contents figcaption {\n\tdisplay: none;\n}<\/style><style data-element-id=\"#_gallery-1013-29261\">            #_gallery-1013-29261.oxy-gallery-flex .oxy-gallery-item {\n                width: calc(100.000% - 10px - 10px);\n                margin: 10px;\n                min-width: px;\n                overflow: hidden;\n                flex: auto;\n            }\n\n            #_gallery-1013-29261.oxy-gallery-flex .oxy-gallery-item-sizer {\n                padding-bottom: 100.00%;\n                position: relative;\n            }\n        \n            #_gallery-1013-29261.oxy-gallery-captions .oxy-gallery-item .oxy-gallery-item-contents figcaption:not(:empty) {\n                position: absolute;\n                bottom: 0;\n                left: 0;\n                right: 0;\n                background-color: rgba(0,0,0,0.75); \/* caption background color *\/\n                padding: 1em;\n                color: #ffffff;  \/* caption text color *\/\n                font-weight: bold;\n                -webkit-font-smoothing: antialiased;\n                font-size: 1em;\n                text-align: center;\n                line-height: var(--oxy-small-line-height);\n                \/*pointer-events: none;*\/\n                transition: 0.3s ease-in-out opacity;\n                display: block;\n            }\n\n                \n            #_gallery-1013-29261.oxy-gallery-captions .oxy-gallery-item .oxy-gallery-item-contents figcaption:not(:empty) {\n                opacity: 0;\n            }\n            #_gallery-1013-29261.oxy-gallery-captions .oxy-gallery-item:hover .oxy-gallery-item-contents figcaption {\n                opacity: 1;\n            }\n\n                    \n            \/* hover effects *\/\n            #_gallery-1013-29261.oxy-gallery .oxy-gallery-item {\n              opacity: ;\n              transition: 0.3s ease-in-out opacity;\n            }\n\n            #_gallery-1013-29261.oxy-gallery .oxy-gallery-item:hover {\n              opacity: ;\n            }\n\n        <\/style>        <div id=\"_gallery-1013-29261\" class=\"oxy-gallery oxy-gallery-captions oxy-gallery-flex\" >\n        \n                \n                    <div class='oxy-gallery-item'>\n                        <div class='oxy-gallery-item-sizer'>\n\n                            <figure class='oxy-gallery-item-contents' style='background-image: url(https:\/\/soinsante.ch\/wp-content\/uploads\/2022\/05\/12.jpg);'>\n\n                                <img decoding=\"async\" src=\"https:\/\/soinsante.ch\/wp-content\/uploads\/2022\/05\/12.jpg\" data-original-src=\"https:\/\/soinsante.ch\/wp-content\/uploads\/2022\/05\/12.jpg\" data-original-src-width=\"684\" data-original-src-height=\"912\" alt=\"12\" title=\"More information\">\n                                <figcaption><\/figcaption>\n\n                            <\/figure>\n\n                        <\/div>\n                    <\/div>\n\n                \n                <\/div>\n        <\/div><div id=\"div_block-1001-29261\" class=\"ct-div-block\" ><div id=\"div_block-885-28986\" class=\"ct-div-block\" ><div id=\"fancy_icon-886-28986\" class=\"ct-fancy-icon atomic-iconblock-17-icon\" ><svg id=\"svg-fancy_icon-886-28986\"><use xlink:href=\"#Lineariconsicon-home\"><\/use><\/svg><\/div><h4 id=\"headline-887-28986\" class=\"ct-headline atomic-iconblock-17-title\">Preparation before your stay<br> <\/h4><\/div><div id=\"text_block-856-28986\" class=\"ct-text-block atomic-iconblock-17-text\" >As soon as you register, you'll receive recommendations on food preparation, which ideally begins 4 weeks before your stay.<br>The <b>Privilege<\/b> and <b>Relaunch<\/b> packages also include a telephone interview or videoconference to help us target your needs and desires and help you define your intentions for this stay. This exchange will enable us to prepare your personalized holistic care program, which you will discover on arrival by meeting the team of health professionals.<br><\/div><div id=\"div_block-1002-29261\" class=\"ct-div-block\" ><div id=\"fancy_icon-1003-29261\" class=\"ct-fancy-icon atomic-iconblock-17-icon\" ><svg id=\"svg-fancy_icon-1003-29261\"><use xlink:href=\"#Lineariconsicon-sun\"><\/use><\/svg><\/div><h4 id=\"headline-1004-29261\" class=\"ct-headline atomic-iconblock-17-title\">The stay<br><\/h4><\/div><div id=\"text_block-1005-29261\" class=\"ct-text-block atomic-iconblock-17-text\" >Your daily program will include individual treatments as well as five different group activities for the <b>Privilege<\/b> package and two for the <b>Relaunch<\/b> and <b>Discovery<\/b> packages. As the week progresses, you'll be able to add treatments, as the <b>Privilege<\/b> formula allows you to do so at no extra cost.<br> <\/div><a id=\"link_text-1014-29261\" class=\"ct-link-text atomic-outline-button\" href=\"#journee-type\"   >A TYPICAL DAY<br><\/a><div id=\"div_block-1006-29261\" class=\"ct-div-block\" ><div id=\"fancy_icon-1007-29261\" class=\"ct-fancy-icon atomic-iconblock-17-icon\" ><svg id=\"svg-fancy_icon-1007-29261\"><use xlink:href=\"#Lineariconsicon-phone-handset\"><\/use><\/svg><\/div><h4 id=\"headline-1008-29261\" class=\"ct-headline atomic-iconblock-17-title\">The after-stay<br><\/h4><\/div><div id=\"text_block-1009-29261\" class=\"ct-text-block atomic-iconblock-17-text\" >In the <b>Privilege<\/b> package, the experience ends a few weeks after your departure, with an interview by phone or videoconference to review your experience. We will then answer any questions you may have about what you have discovered during your stay and the resources you have decided to put in place in a sustainable way in your life.<br><\/div><\/div><\/div><\/div><\/section><section id=\"journee-type\" class=\" ct-section\" ><div class=\"ct-section-inner-wrap\"><h4 id=\"headline-601-28986\" class=\"ct-headline\">PROGRAM<\/h4><h2 id=\"headline-602-28986\" class=\"ct-headline atomic-secondary-heading\">A typical day of the stay<br><\/h2><div id=\"new_columns-614-28986\" class=\"ct-new-columns\" ><div id=\"div_block-1069-29261\" class=\"ct-div-block\" ><h4 id=\"headline-1070-29261\" class=\"ct-headline atomic-content-31-title\">7:30 AM<br><\/h4><\/div><div id=\"div_block-616-28986\" class=\"ct-div-block atomic-content-31-middle-column\" ><div id=\"fancy_icon-617-28986\" class=\"ct-fancy-icon atomic-content-31-icon\" ><svg id=\"svg-fancy_icon-617-28986\"><use xlink:href=\"#Lineariconsicon-sun\"><\/use><\/svg><\/div><div id=\"div_block-982-28986\" class=\"ct-div-block atomic-content-31-line\" ><\/div><\/div><div id=\"div_block-619-28986\" class=\"ct-div-block atomic-content-31-text-column\" ><div id=\"div_block-620-28986\" class=\"ct-div-block atomic-content-31-wrapper\" ><div id=\"text_block-622-28986\" class=\"ct-text-block atomic-content-31-small-text\" >Morning walk<br><\/div><\/div><\/div><\/div><div id=\"new_columns-1128-29261\" class=\"ct-new-columns\" ><div id=\"div_block-1129-29261\" class=\"ct-div-block\" ><h4 id=\"headline-1130-29261\" class=\"ct-headline atomic-content-31-title\">8:00 AM<br><\/h4><\/div><div id=\"div_block-1131-29261\" class=\"ct-div-block atomic-content-31-middle-column\" ><div id=\"fancy_icon-933-28986\" class=\"ct-fancy-icon atomic-content-31-icon\" ><svg id=\"svg-fancy_icon-933-28986\"><use xlink:href=\"#Lineariconsicon-dinner\"><\/use><\/svg><\/div><div id=\"div_block-1133-29261\" class=\"ct-div-block atomic-content-31-line\" ><\/div><\/div><div id=\"div_block-1134-29261\" class=\"ct-div-block atomic-content-31-text-column\" ><div id=\"div_block-1135-29261\" class=\"ct-div-block atomic-content-31-wrapper\" ><div id=\"text_block-1136-29261\" class=\"ct-text-block atomic-content-31-small-text\" >Smoothie<\/div><\/div><\/div><\/div><div id=\"new_columns-1138-29261\" class=\"ct-new-columns\" ><div id=\"div_block-1139-29261\" class=\"ct-div-block\" ><h4 id=\"headline-1140-29261\" class=\"ct-headline atomic-content-31-title\">8:30 AM<br><\/h4><\/div><div id=\"div_block-1141-29261\" class=\"ct-div-block atomic-content-31-middle-column\" ><div id=\"fancy_icon-945-28986\" class=\"ct-fancy-icon atomic-content-31-icon\" ><svg id=\"svg-fancy_icon-945-28986\"><use xlink:href=\"#Lineariconsicon-heart-pulse\"><\/use><\/svg><\/div><div id=\"div_block-1143-29261\" class=\"ct-div-block atomic-content-31-line\" ><\/div><\/div><div id=\"div_block-1144-29261\" class=\"ct-div-block atomic-content-31-text-column\" ><div id=\"div_block-1145-29261\" class=\"ct-div-block atomic-content-31-wrapper\" ><div id=\"text_block-1146-29261\" class=\"ct-text-block atomic-content-31-small-text\" >Qi Gong<br><\/div><\/div><\/div><\/div><div id=\"new_columns-1156-29261\" class=\"ct-new-columns\" ><div id=\"div_block-1157-29261\" class=\"ct-div-block\" ><h4 id=\"headline-1158-29261\" class=\"ct-headline atomic-content-31-title\">9:30 AM-12:30 PM<\/h4><\/div><div id=\"div_block-1159-29261\" class=\"ct-div-block atomic-content-31-middle-column\" ><div id=\"fancy_icon-685-28986\" class=\"ct-fancy-icon atomic-content-31-icon\" ><svg id=\"svg-fancy_icon-685-28986\"><use xlink:href=\"#Lineariconsicon-hand\"><\/use><\/svg><\/div><div id=\"div_block-1161-29261\" class=\"ct-div-block atomic-content-31-line\" ><\/div><\/div><div id=\"div_block-1162-29261\" class=\"ct-div-block atomic-content-31-text-column\" ><div id=\"div_block-1163-29261\" class=\"ct-div-block atomic-content-31-wrapper\" ><div id=\"text_block-1164-29261\" class=\"ct-text-block atomic-content-31-small-text\" >Body, energy or Somatic Experiencing\u00ae treatments<br><\/div><\/div><\/div><\/div><div id=\"new_columns-1165-29261\" class=\"ct-new-columns\" ><div id=\"div_block-1166-29261\" class=\"ct-div-block\" ><h4 id=\"headline-1167-29261\" class=\"ct-headline atomic-content-31-title\">12:45 PM<br><\/h4><\/div><div id=\"div_block-1168-29261\" class=\"ct-div-block atomic-content-31-middle-column\" ><div id=\"fancy_icon-637-28986\" class=\"ct-fancy-icon atomic-content-31-icon\" ><svg id=\"svg-fancy_icon-637-28986\"><use xlink:href=\"#Lineariconsicon-dinner\"><\/use><\/svg><\/div><div id=\"div_block-1170-29261\" class=\"ct-div-block atomic-content-31-line\" ><\/div><\/div><div id=\"div_block-1171-29261\" class=\"ct-div-block atomic-content-31-text-column\" ><div id=\"div_block-1172-29261\" class=\"ct-div-block atomic-content-31-wrapper\" ><div id=\"text_block-1173-29261\" class=\"ct-text-block atomic-content-31-small-text\" >Lunch<\/div><\/div><\/div><\/div><div id=\"new_columns-1174-29261\" class=\"ct-new-columns\" ><div id=\"div_block-1175-29261\" class=\"ct-div-block\" ><h4 id=\"headline-1176-29261\" class=\"ct-headline atomic-content-31-title\">2:15-5:15 PM<br><\/h4><\/div><div id=\"div_block-1177-29261\" class=\"ct-div-block atomic-content-31-middle-column\" ><div id=\"fancy_icon-651-28986\" class=\"ct-fancy-icon atomic-content-31-icon\" ><svg id=\"svg-fancy_icon-651-28986\"><use xlink:href=\"#Lineariconsicon-hand\"><\/use><\/svg><\/div><div id=\"div_block-1179-29261\" class=\"ct-div-block atomic-content-31-line\" ><\/div><\/div><div id=\"div_block-1180-29261\" class=\"ct-div-block atomic-content-31-text-column\" ><div id=\"div_block-1181-29261\" class=\"ct-div-block atomic-content-31-wrapper\" ><div id=\"text_block-1182-29261\" class=\"ct-text-block atomic-content-31-small-text\" >Body, energy or Somatic Experiencing\u00ae treatments<br><\/div><\/div><\/div><\/div><div id=\"new_columns-1183-29261\" class=\"ct-new-columns\" ><div id=\"div_block-1184-29261\" class=\"ct-div-block\" ><h4 id=\"headline-1185-29261\" class=\"ct-headline atomic-content-31-title\">5:30 PM<\/h4><\/div><div id=\"div_block-1186-29261\" class=\"ct-div-block atomic-content-31-middle-column\" ><div id=\"fancy_icon-692-28986\" class=\"ct-fancy-icon atomic-content-31-icon\" ><svg id=\"svg-fancy_icon-692-28986\"><use xlink:href=\"#Lineariconsicon-users\"><\/use><\/svg><\/div><div id=\"div_block-1188-29261\" class=\"ct-div-block atomic-content-31-line\" ><\/div><\/div><div id=\"div_block-1189-29261\" class=\"ct-div-block atomic-content-31-text-column\" ><div id=\"div_block-1190-29261\" class=\"ct-div-block atomic-content-31-wrapper\" ><div id=\"text_block-1191-29261\" class=\"ct-text-block atomic-content-31-small-text\" >Group meeting<br><\/div><\/div><\/div><\/div><div id=\"new_columns-1192-29261\" class=\"ct-new-columns\" ><div id=\"div_block-1193-29261\" class=\"ct-div-block\" ><h4 id=\"headline-1194-29261\" class=\"ct-headline atomic-content-31-title\">7:00 PM<br><\/h4><\/div><div id=\"div_block-1195-29261\" class=\"ct-div-block atomic-content-31-middle-column\" ><div id=\"fancy_icon-706-28986\" class=\"ct-fancy-icon atomic-content-31-icon\" ><svg id=\"svg-fancy_icon-706-28986\"><use xlink:href=\"#Lineariconsicon-sync\"><\/use><\/svg><\/div><div id=\"div_block-1197-29261\" class=\"ct-div-block atomic-content-31-line\" ><\/div><\/div><div id=\"div_block-1198-29261\" class=\"ct-div-block atomic-content-31-text-column\" ><div id=\"div_block-1199-29261\" class=\"ct-div-block atomic-content-31-wrapper\" ><div id=\"text_block-1200-29261\" class=\"ct-text-block atomic-content-31-small-text\" >End-of-day update<br><\/div><\/div><\/div><\/div><div id=\"new_columns-1201-29261\" class=\"ct-new-columns\" ><div id=\"div_block-1202-29261\" class=\"ct-div-block\" ><h4 id=\"headline-1203-29261\" class=\"ct-headline atomic-content-31-title\">7:30 PM<\/h4><\/div><div id=\"div_block-1204-29261\" class=\"ct-div-block atomic-content-31-middle-column\" ><div id=\"fancy_icon-712-28986\" class=\"ct-fancy-icon atomic-content-31-icon\" ><svg id=\"svg-fancy_icon-712-28986\"><use xlink:href=\"#Lineariconsicon-dinner\"><\/use><\/svg><\/div><div id=\"div_block-1206-29261\" class=\"ct-div-block atomic-content-31-line\" ><\/div><\/div><div id=\"div_block-1207-29261\" class=\"ct-div-block atomic-content-31-text-column\" ><div id=\"div_block-1208-29261\" class=\"ct-div-block atomic-content-31-wrapper\" ><div id=\"text_block-1209-29261\" class=\"ct-text-block atomic-content-31-small-text\" >Evening meal<br><\/div><\/div><\/div><\/div><div id=\"new_columns-1119-29261\" class=\"ct-new-columns\" ><div id=\"div_block-1120-29261\" class=\"ct-div-block\" ><h4 id=\"headline-1121-29261\" class=\"ct-headline atomic-content-31-title\">9:00 PM<br><\/h4><\/div><div id=\"div_block-1122-29261\" class=\"ct-div-block atomic-content-31-middle-column\" ><div id=\"fancy_icon-726-28986\" class=\"ct-fancy-icon atomic-content-31-icon\" ><svg id=\"svg-fancy_icon-726-28986\"><use xlink:href=\"#Lineariconsicon-moon\"><\/use><\/svg><\/div><div id=\"div_block-1124-29261\" class=\"ct-div-block atomic-content-31-line\" ><\/div><\/div><div id=\"div_block-1125-29261\" class=\"ct-div-block atomic-content-31-text-column\" ><div id=\"div_block-1126-29261\" class=\"ct-div-block atomic-content-31-wrapper\" ><div id=\"text_block-1127-29261\" class=\"ct-text-block atomic-content-31-small-text\" >Meditation<\/div><\/div><\/div><\/div><\/div><\/section><section id=\"therapeutes\" class=\" ct-section\" ><div class=\"ct-section-inner-wrap\"><h1 id=\"headline-1049-29261\" class=\"ct-headline atomic-secondary-heading\">The team of therapists<br><\/h1><div id=\"new_columns-1047-29261\" class=\"ct-new-columns\" ><div id=\"div_block-1048-29261\" class=\"ct-div-block\" ><div id=\"text_block-1056-29261\" class=\"ct-text-block atomic-iconblock-19-text\" >Designed by Sabrina Alberti, Th\u00e9r\u00e8se Cuttelod and Laurence de Vargas Oddo, these health cures are the fruit of our experience and knowledge as psychologists, enriched by our training in holistic and energetic medicine at the Four Winds School, founded by Alberto Villoldo.<br><br>Our challenge is to learn to work with the body, the mind as well as the energies that are related to them. Our wish is that health be addressed in a comprehensive and coordinated way, placing the person at the center and supporting him or her to take concrete actions to prevent disease or to live at its best if it occurs.<br><br>We have put together a team that allows us to approach holistic health through as many doors as possible, giving access to the domains of the physical body, the emotions and energetics.<\/div><\/div><div id=\"div_block-1058-29261\" class=\"ct-div-block\" ><img decoding=\"async\" id=\"image-1059-29261\" alt=\"Salle Caroline1\" src=\"https:\/\/soinsante.ch\/wp-content\/uploads\/2022\/06\/Salle-Caroline1.jpeg\" class=\"ct-image\" title=\"More information\"><\/div><\/div><img decoding=\"async\" id=\"image-442-28986\" alt=\"Group\" src=\"https:\/\/atomic.oxy.host\/wp-content\/uploads\/sites\/41\/2018\/03\/group.png\" class=\"ct-image\" title=\"More information\"><div id=\"div_block-517-28986\" class=\"ct-div-block\" ><div id=\"div_block-508-28986\" class=\"ct-div-block\" ><h3 id=\"headline-476-28986\" class=\"ct-headline atomic-tritary-heading\">Les psychologues et fondatrices<br><\/h3><div id=\"new_columns-457-28986\" class=\"ct-new-columns\" ><div id=\"div_block-458-28986\" class=\"ct-div-block atomic-contact-7-column\" ><div id=\"div_block-520-28986\" class=\"ct-div-block\" ><h4 id=\"headline-459-28986\" class=\"ct-headline atomic-contact-7-title\">SABRINA ALBERTI<br><\/h4><div id=\"text_block-460-28986\" class=\"ct-text-block atomic-content-7-text\" >Psychologue FSP<\/div><\/div><\/div><div id=\"div_block-461-28986\" class=\"ct-div-block atomic-contact-7-column\" ><div id=\"div_block-523-28986\" class=\"ct-div-block\" ><h4 id=\"headline-524-28986\" class=\"ct-headline atomic-contact-7-title\">LAURENCE DE VARGAS ODDO<br><\/h4><div id=\"text_block-525-28986\" class=\"ct-text-block atomic-content-7-text\" >Psychologue FSP<\/div><\/div><\/div><div id=\"div_block-464-28986\" class=\"ct-div-block atomic-contact-7-column\" ><div id=\"div_block-527-28986\" class=\"ct-div-block\" ><h4 id=\"headline-528-28986\" class=\"ct-headline atomic-contact-7-title\">Th\u00e9r\u00e8se Cuttelod<br><\/h4><div id=\"text_block-529-28986\" class=\"ct-text-block atomic-content-7-text\" >Psychoth\u00e9rapeute reconnue au niveau f\u00e9d\u00e9ral<\/div><\/div><\/div><\/div><div id=\"text_block-440-28986\" class=\"ct-text-block atomic-subheading\" >Toutes les trois sp\u00e9cialis\u00e9es dans les approches psychocorporelles ainsi que dans la psychotraumatologie, nous offrons des regards compl\u00e9mentaires de part nos parcours diff\u00e9rents. Pour des prestations de qualit\u00e9 pendant la cure de sant\u00e9, nous nous associons \u00e0 des professionnels d'horizon divers.<br><\/div><\/div><\/div><\/div><\/section><section id=\"section-1046-29261\" class=\" ct-section\" ><div class=\"ct-section-inner-wrap\">        \n                <div id=\"_posts_grid-1023-29261\" class='oxy-easy-posts oxy-posts-grid' >\n                                    <div class='oxy-posts'>\n                     \n<div class='oxy-post'>\n  \n      <div class='oxy-post-wrapper oxy-post-title'>\n\t  Laura Stella Costanzo \n\t<div class='oxy-post-meta'>\n\t\t\n\t\t\n\t\t\t\t    <span class=\"pods_specialisation\">Massage therapist, Ayurvedic practitioner<\/span>\t  \n\t\n\n\t<\/div>\n\n\t<div class='oxy-post-content'>\n\t\t\n\t\t\t\t    <span class=\"pods_description\"><p>She offers relaxing ayurvedic massages with warm oils.<\/p>\n<\/span>\t  \t\t\n\t<\/div>\n\n\t\n\t  \n\n\t    <\/div>\n\n<\/div> \n<div class='oxy-post'>\n  \n      <div class='oxy-post-wrapper oxy-post-title'>\n\t  Sam Gordon Moore\ufffc \n\t<div class='oxy-post-meta'>\n\t\t\n\t\t\n\t\t\t\t    <span class=\"pods_specialisation\">Practitioner of energy medicine in the North American tradition<\/span>\t  \n\t\n\n\t<\/div>\n\n\t<div class='oxy-post-content'>\n\t\t\n\t\t\t\t    <span class=\"pods_description\"><p>He uses crystals to cleanse and activate the energy flow in the spine and body.<\/p>\n<\/span>\t  \t\t\n\t<\/div>\n\n\t\n\t  \n\n\t    <\/div>\n\n<\/div> \n<div class='oxy-post'>\n  \n      <div class='oxy-post-wrapper oxy-post-title'>\n\t  Ana\u00e9 Reymond \n\t<div class='oxy-post-meta'>\n\t\t\n\t\t\n\t\t\t\t    <span class=\"pods_specialisation\">Soundtherapist and masseuse<\/span>\t  \n\t\n\n\t<\/div>\n\n\t<div class='oxy-post-content'>\n\t\t\n\t\t\t\t    <span class=\"pods_description\"><p>With an invitation to explore your most inner self, she leads you on sound journeys, and offers massages and energetic work.<\/p>\n<\/span>\t  \t\t\n\t<\/div>\n\n\t\n\t  \n\n\t    <\/div>\n\n<\/div> \n<div class='oxy-post'>\n  \n      <div class='oxy-post-wrapper oxy-post-title'>\n\t  Pascale Schmied \n\t<div class='oxy-post-meta'>\n\t\t\n\t\t\n\t\t\t\t    <span class=\"pods_specialisation\">PhD in tradition Chinese medicine, Ta\u00efwan and University of Lausanne<\/span>\t  \n\t\n\n\t<\/div>\n\n\t<div class='oxy-post-content'>\n\t\t\n\t\t\t\t    <span class=\"pods_description\"><p>She practices traditional Chinese medicine, acupuncture, acupressure, Dao Yin, and QiGong.<\/p>\n<\/span>\t  \t\t\n\t<\/div>\n\n\t\n\t  \n\n\t    <\/div>\n\n<\/div> \n<div class='oxy-post'>\n  \n      <div class='oxy-post-wrapper oxy-post-title'>\n\t  Maxine Bodart \n\t<div class='oxy-post-meta'>\n\t\t\n\t\t\n\t\t\t\t    <span class=\"pods_specialisation\">Osteopath<\/span>\t  \n\t\n\n\t<\/div>\n\n\t<div class='oxy-post-content'>\n\t\t\n\t\t\t\t    <span class=\"pods_description\"><p>She practices with a holistic understanding of the body, integrating various body techniques.<\/p>\n<\/span>\t  \t\t\n\t<\/div>\n\n\t\n\t  \n\n\t    <\/div>\n\n<\/div> \n<div class='oxy-post'>\n  \n      <div class='oxy-post-wrapper oxy-post-title'>\n\t  Alex Rahmatulins \n\t<div class='oxy-post-meta'>\n\t\t\n\t\t\n\t\t\t\t    <span class=\"pods_specialisation\">Head chef<\/span>\t  \n\t\n\n\t<\/div>\n\n\t<div class='oxy-post-content'>\n\t\t\n\t\t\t\t    <span class=\"pods_description\"><p>He invites us to a culinary experience through a selection of menus combining the pleasure of the senses with nutritional rules supporting regeneration.<\/p>\n<\/span>\t  \t\t\n\t<\/div>\n\n\t\n\t  \n\n\t    <\/div>\n\n<\/div>                <\/div>\n                                <div class='oxy-easy-posts-pages'>\n                                    <\/div>\n                                            <\/div>\n                <\/div><\/section>","protected":false},"excerpt":{"rendered":"","protected":false},"author":1,"featured_media":0,"parent":0,"menu_order":0,"comment_status":"closed","ping_status":"closed","template":"","meta":{"iawp_total_views":32,"footnotes":""},"class_list":["post-29874","page","type-page","status-publish","hentry"],"_links":{"self":[{"href":"https:\/\/soinsante.ch\/en\/wp-json\/wp\/v2\/pages\/29874","targetHints":{"allow":["GET"]}}],"collection":[{"href":"https:\/\/soinsante.ch\/en\/wp-json\/wp\/v2\/pages"}],"about":[{"href":"https:\/\/soinsante.ch\/en\/wp-json\/wp\/v2\/types\/page"}],"author":[{"embeddable":true,"href":"https:\/\/soinsante.ch\/en\/wp-json\/wp\/v2\/users\/1"}],"replies":[{"embeddable":true,"href":"https:\/\/soinsante.ch\/en\/wp-json\/wp\/v2\/comments?post=29874"}],"version-history":[{"count":10,"href":"https:\/\/soinsante.ch\/en\/wp-json\/wp\/v2\/pages\/29874\/revisions"}],"predecessor-version":[{"id":30073,"href":"https:\/\/soinsante.ch\/en\/wp-json\/wp\/v2\/pages\/29874\/revisions\/30073"}],"wp:attachment":[{"href":"https:\/\/soinsante.ch\/en\/wp-json\/wp\/v2\/media?parent=29874"}],"curies":[{"name":"wp","href":"https:\/\/api.w.org\/{rel}","templated":true}]}}